{"id":1387,"date":"2019-07-11T11:44:24","date_gmt":"2019-07-11T09:44:24","guid":{"rendered":"https:\/\/www.salvadori.com\/recycling\/staff\/"},"modified":"2020-02-27T13:52:57","modified_gmt":"2020-02-27T12:52:57","slug":"staff","status":"publish","type":"page","link":"https:\/\/staging.salvadori.com\/it\/staff\/","title":{"rendered":"Staff"},"content":{"rendered":"<p style=\"text-align: center;\">Uno staff di professionisti con diverse competenze complementari e un costante lavoro di squadra per offrire un servizio completo, efficiente e tempestivo.<\/p>\n<p style=\"text-align: center;\">Ascoltare le diverse necessit\u00e0, proporre soluzioni tecnologiche e processi personalizzati, offrire piena disponibilit\u00e0 e risolvere problemi con prontezza nell&#8217;assistenza post vendita: lavoriamo cos\u00ec per costruire e mantenere rapporti di fiducia con tutta la nostra clientela.<\/p>\n","protected":false},"excerpt":{"rendered":"<p>Uno staff di professionisti con diverse competenze complementari e un costante lavoro di squadra per offrire un servizio completo, efficiente e tempestivo. Ascoltare le diverse necessit\u00e0, proporre soluzioni tecnologiche e processi personalizzati, offrire piena disponibilit\u00e0 e risolvere problemi con prontezza nell&#8217;assistenza post vendita: lavoriamo cos\u00ec per costruire e mantenere rapporti di fiducia con tutta la [&hellip;]<\/p>\n","protected":false},"author":1,"featured_media":1171,"parent":0,"menu_order":0,"comment_status":"closed","ping_status":"closed","template":"","meta":{"_acf_changed":false,"content-type":"","footnotes":""},"class_list":["post-1387","page","type-page","status-publish","has-post-thumbnail","hentry"],"acf":[],"yoast_head":"<!-- This site is optimized with the Yoast SEO plugin v25.7 - https:\/\/yoast.com\/wordpress\/plugins\/seo\/ -->\n<title>Staff - Salvadori Recycling<\/title>\n<meta name=\"robots\" content=\"noindex, follow, max-snippet:-1, max-image-preview:large, max-video-preview:-1\" \/>\n<meta property=\"og:locale\" content=\"it_IT\" \/>\n<meta property=\"og:type\" content=\"article\" \/>\n<meta property=\"og:title\" content=\"Staff - Salvadori Recycling\" \/>\n<meta property=\"og:description\" content=\"Uno staff di professionisti con diverse competenze complementari e un costante lavoro di squadra per offrire un servizio completo, efficiente e tempestivo. Ascoltare le diverse necessit\u00e0, proporre soluzioni tecnologiche e processi personalizzati, offrire piena disponibilit\u00e0 e risolvere problemi con prontezza nell&#8217;assistenza post vendita: lavoriamo cos\u00ec per costruire e mantenere rapporti di fiducia con tutta la [&hellip;]\" \/>\n<meta property=\"og:url\" content=\"https:\/\/staging.salvadori.com\/staff\/\" \/>\n<meta property=\"og:site_name\" content=\"Salvadori Recycling\" \/>\n<meta property=\"article:modified_time\" content=\"2020-02-27T12:52:57+00:00\" \/>\n<meta property=\"og:image\" content=\"https:\/\/staging.salvadori.com\/wp-content\/uploads\/2020\/02\/ASSIEME_STAFF2.jpg\" \/>\n\t<meta property=\"og:image:width\" content=\"1200\" \/>\n\t<meta property=\"og:image:height\" content=\"630\" \/>\n\t<meta property=\"og:image:type\" content=\"image\/jpeg\" \/>\n<meta name=\"twitter:card\" content=\"summary_large_image\" \/>\n<script type=\"application\/ld+json\" class=\"yoast-schema-graph\">{\"@context\":\"https:\/\/schema.org\",\"@graph\":[{\"@type\":\"WebPage\",\"@id\":\"https:\/\/staging.salvadori.com\/staff\/\",\"url\":\"https:\/\/staging.salvadori.com\/staff\/\",\"name\":\"Staff - Salvadori Recycling\",\"isPartOf\":{\"@id\":\"https:\/\/staging.salvadori.com\/#website\"},\"primaryImageOfPage\":{\"@id\":\"https:\/\/staging.salvadori.com\/staff\/#primaryimage\"},\"image\":{\"@id\":\"https:\/\/staging.salvadori.com\/staff\/#primaryimage\"},\"thumbnailUrl\":\"https:\/\/staging.salvadori.com\/wp-content\/uploads\/2019\/10\/STAFF.jpg\",\"datePublished\":\"2019-07-11T09:44:24+00:00\",\"dateModified\":\"2020-02-27T12:52:57+00:00\",\"breadcrumb\":{\"@id\":\"https:\/\/staging.salvadori.com\/staff\/#breadcrumb\"},\"inLanguage\":\"it-IT\",\"potentialAction\":[{\"@type\":\"ReadAction\",\"target\":[\"https:\/\/staging.salvadori.com\/staff\/\"]}]},{\"@type\":\"ImageObject\",\"inLanguage\":\"it-IT\",\"@id\":\"https:\/\/staging.salvadori.com\/staff\/#primaryimage\",\"url\":\"https:\/\/staging.salvadori.com\/wp-content\/uploads\/2019\/10\/STAFF.jpg\",\"contentUrl\":\"https:\/\/staging.salvadori.com\/wp-content\/uploads\/2019\/10\/STAFF.jpg\",\"width\":1800,\"height\":255},{\"@type\":\"BreadcrumbList\",\"@id\":\"https:\/\/staging.salvadori.com\/staff\/#breadcrumb\",\"itemListElement\":[{\"@type\":\"ListItem\",\"position\":1,\"name\":\"Home\",\"item\":\"https:\/\/staging.salvadori.com\/it\/\"},{\"@type\":\"ListItem\",\"position\":2,\"name\":\"Staff\"}]},{\"@type\":\"WebSite\",\"@id\":\"https:\/\/staging.salvadori.com\/#website\",\"url\":\"https:\/\/staging.salvadori.com\/\",\"name\":\"Salvadori Recycling\",\"description\":\"From waste to value\",\"potentialAction\":[{\"@type\":\"SearchAction\",\"target\":{\"@type\":\"EntryPoint\",\"urlTemplate\":\"https:\/\/staging.salvadori.com\/?s={search_term_string}\"},\"query-input\":{\"@type\":\"PropertyValueSpecification\",\"valueRequired\":true,\"valueName\":\"search_term_string\"}}],\"inLanguage\":\"it-IT\"}]}<\/script>\n<!-- \/ Yoast SEO plugin. -->","yoast_head_json":{"title":"Staff - Salvadori Recycling","robots":{"index":"noindex","follow":"follow","max-snippet":"max-snippet:-1","max-image-preview":"max-image-preview:large","max-video-preview":"max-video-preview:-1"},"og_locale":"it_IT","og_type":"article","og_title":"Staff - Salvadori Recycling","og_description":"Uno staff di professionisti con diverse competenze complementari e un costante lavoro di squadra per offrire un servizio completo, efficiente e tempestivo. Ascoltare le diverse necessit\u00e0, proporre soluzioni tecnologiche e processi personalizzati, offrire piena disponibilit\u00e0 e risolvere problemi con prontezza nell&#8217;assistenza post vendita: lavoriamo cos\u00ec per costruire e mantenere rapporti di fiducia con tutta la [&hellip;]","og_url":"https:\/\/staging.salvadori.com\/staff\/","og_site_name":"Salvadori Recycling","article_modified_time":"2020-02-27T12:52:57+00:00","og_image":[{"width":1200,"height":630,"url":"https:\/\/staging.salvadori.com\/wp-content\/uploads\/2020\/02\/ASSIEME_STAFF2.jpg","type":"image\/jpeg"}],"twitter_card":"summary_large_image","schema":{"@context":"https:\/\/schema.org","@graph":[{"@type":"WebPage","@id":"https:\/\/staging.salvadori.com\/staff\/","url":"https:\/\/staging.salvadori.com\/staff\/","name":"Staff - Salvadori Recycling","isPartOf":{"@id":"https:\/\/staging.salvadori.com\/#website"},"primaryImageOfPage":{"@id":"https:\/\/staging.salvadori.com\/staff\/#primaryimage"},"image":{"@id":"https:\/\/staging.salvadori.com\/staff\/#primaryimage"},"thumbnailUrl":"https:\/\/staging.salvadori.com\/wp-content\/uploads\/2019\/10\/STAFF.jpg","datePublished":"2019-07-11T09:44:24+00:00","dateModified":"2020-02-27T12:52:57+00:00","breadcrumb":{"@id":"https:\/\/staging.salvadori.com\/staff\/#breadcrumb"},"inLanguage":"it-IT","potentialAction":[{"@type":"ReadAction","target":["https:\/\/staging.salvadori.com\/staff\/"]}]},{"@type":"ImageObject","inLanguage":"it-IT","@id":"https:\/\/staging.salvadori.com\/staff\/#primaryimage","url":"https:\/\/staging.salvadori.com\/wp-content\/uploads\/2019\/10\/STAFF.jpg","contentUrl":"https:\/\/staging.salvadori.com\/wp-content\/uploads\/2019\/10\/STAFF.jpg","width":1800,"height":255},{"@type":"BreadcrumbList","@id":"https:\/\/staging.salvadori.com\/staff\/#breadcrumb","itemListElement":[{"@type":"ListItem","position":1,"name":"Home","item":"https:\/\/staging.salvadori.com\/it\/"},{"@type":"ListItem","position":2,"name":"Staff"}]},{"@type":"WebSite","@id":"https:\/\/staging.salvadori.com\/#website","url":"https:\/\/staging.salvadori.com\/","name":"Salvadori Recycling","description":"From waste to value","potentialAction":[{"@type":"SearchAction","target":{"@type":"EntryPoint","urlTemplate":"https:\/\/staging.salvadori.com\/?s={search_term_string}"},"query-input":{"@type":"PropertyValueSpecification","valueRequired":true,"valueName":"search_term_string"}}],"inLanguage":"it-IT"}]}},"_links":{"self":[{"href":"https:\/\/staging.salvadori.com\/it\/wp-json\/wp\/v2\/pages\/1387","targetHints":{"allow":["GET"]}}],"collection":[{"href":"https:\/\/staging.salvadori.com\/it\/wp-json\/wp\/v2\/pages"}],"about":[{"href":"https:\/\/staging.salvadori.com\/it\/wp-json\/wp\/v2\/types\/page"}],"author":[{"embeddable":true,"href":"https:\/\/staging.salvadori.com\/it\/wp-json\/wp\/v2\/users\/1"}],"replies":[{"embeddable":true,"href":"https:\/\/staging.salvadori.com\/it\/wp-json\/wp\/v2\/comments?post=1387"}],"version-history":[{"count":1,"href":"https:\/\/staging.salvadori.com\/it\/wp-json\/wp\/v2\/pages\/1387\/revisions"}],"predecessor-version":[{"id":1388,"href":"https:\/\/staging.salvadori.com\/it\/wp-json\/wp\/v2\/pages\/1387\/revisions\/1388"}],"wp:featuredmedia":[{"embeddable":true,"href":"https:\/\/staging.salvadori.com\/it\/wp-json\/wp\/v2\/media\/1171"}],"wp:attachment":[{"href":"https:\/\/staging.salvadori.com\/it\/wp-json\/wp\/v2\/media?parent=1387"}],"curies":[{"name":"wp","href":"https:\/\/api.w.org\/{rel}","templated":true}]}}