{"id":3790,"date":"2025-04-17T12:23:48","date_gmt":"2025-04-17T10:23:48","guid":{"rendered":"https:\/\/www.salvadori.com\/recycling\/commitment\/"},"modified":"2025-05-13T11:33:36","modified_gmt":"2025-05-13T09:33:36","slug":"commitment","status":"publish","type":"page","link":"https:\/\/staging.salvadori.com\/it\/commitment\/","title":{"rendered":"Impegno"},"content":{"rendered":"<h3 style=\"text-align: center;\"><strong>Il Nostro Impegno per l\u2019Eccellenza<\/strong><\/h3>\n<p style=\"text-align: center;\">In <strong>Salvadori Recycling<\/strong>, ci impegniamo a promuovere il miglioramento continuo e a garantire i pi\u00f9 alti standard di qualit\u00e0, sicurezza e sostenibilit\u00e0.<br \/>\nLa nostra missione \u00e8 ridurre i rischi, proteggere i nostri stakeholder e creare valore misurabile per clienti, dipendenti e comunit\u00e0.<\/p>\n<p style=\"text-align: center;\">Dal 2024, abbiamo implementato un sistema collaborativo di gestione delle performance (\u201cBizaline OGSM\u201d) in tutte le nostre business line e regioni. Questo strumento ci consente di monitorare i progressi e misurare in tempo reale l\u2019efficacia delle nostre soluzioni.<\/p>\n","protected":false},"excerpt":{"rendered":"<p>Il Nostro Impegno per l\u2019Eccellenza In Salvadori Recycling, ci impegniamo a promuovere il miglioramento continuo e a garantire i pi\u00f9 alti standard di qualit\u00e0, sicurezza e sostenibilit\u00e0. La nostra missione \u00e8 ridurre i rischi, proteggere i nostri stakeholder e creare valore misurabile per clienti, dipendenti e comunit\u00e0. Dal 2024, abbiamo implementato un sistema collaborativo di [&hellip;]<\/p>\n","protected":false},"author":1,"featured_media":3782,"parent":0,"menu_order":0,"comment_status":"closed","ping_status":"closed","template":"","meta":{"_acf_changed":false,"content-type":"","footnotes":""},"class_list":["post-3790","page","type-page","status-publish","has-post-thumbnail","hentry"],"acf":[],"yoast_head":"<!-- This site is optimized with the Yoast SEO plugin v25.7 - https:\/\/yoast.com\/wordpress\/plugins\/seo\/ -->\n<title>Impegno - Salvadori Recycling<\/title>\n<meta name=\"robots\" content=\"noindex, follow, max-snippet:-1, max-image-preview:large, max-video-preview:-1\" \/>\n<meta property=\"og:locale\" content=\"it_IT\" \/>\n<meta property=\"og:type\" content=\"article\" \/>\n<meta property=\"og:title\" content=\"Impegno - Salvadori Recycling\" \/>\n<meta property=\"og:description\" content=\"Il Nostro Impegno per l\u2019Eccellenza In Salvadori Recycling, ci impegniamo a promuovere il miglioramento continuo e a garantire i pi\u00f9 alti standard di qualit\u00e0, sicurezza e sostenibilit\u00e0. La nostra missione \u00e8 ridurre i rischi, proteggere i nostri stakeholder e creare valore misurabile per clienti, dipendenti e comunit\u00e0. Dal 2024, abbiamo implementato un sistema collaborativo di [&hellip;]\" \/>\n<meta property=\"og:url\" content=\"https:\/\/staging.salvadori.com\/it\/commitment\/\" \/>\n<meta property=\"og:site_name\" content=\"Salvadori Recycling\" \/>\n<meta property=\"article:modified_time\" content=\"2025-05-13T09:33:36+00:00\" \/>\n<meta property=\"og:image\" content=\"https:\/\/staging.salvadori.com\/wp-content\/uploads\/2025\/04\/commitmentLowRes.jpg\" \/>\n\t<meta property=\"og:image:width\" content=\"2500\" \/>\n\t<meta property=\"og:image:height\" content=\"1667\" \/>\n\t<meta property=\"og:image:type\" content=\"image\/jpeg\" \/>\n<meta name=\"twitter:card\" content=\"summary_large_image\" \/>\n<script type=\"application\/ld+json\" class=\"yoast-schema-graph\">{\"@context\":\"https:\/\/schema.org\",\"@graph\":[{\"@type\":\"WebPage\",\"@id\":\"https:\/\/staging.salvadori.com\/it\/commitment\/\",\"url\":\"https:\/\/staging.salvadori.com\/it\/commitment\/\",\"name\":\"Impegno - Salvadori Recycling\",\"isPartOf\":{\"@id\":\"https:\/\/staging.salvadori.com\/#website\"},\"primaryImageOfPage\":{\"@id\":\"https:\/\/staging.salvadori.com\/it\/commitment\/#primaryimage\"},\"image\":{\"@id\":\"https:\/\/staging.salvadori.com\/it\/commitment\/#primaryimage\"},\"thumbnailUrl\":\"https:\/\/staging.salvadori.com\/wp-content\/uploads\/2025\/04\/commitmentLowRes.jpg\",\"datePublished\":\"2025-04-17T10:23:48+00:00\",\"dateModified\":\"2025-05-13T09:33:36+00:00\",\"breadcrumb\":{\"@id\":\"https:\/\/staging.salvadori.com\/it\/commitment\/#breadcrumb\"},\"inLanguage\":\"it-IT\",\"potentialAction\":[{\"@type\":\"ReadAction\",\"target\":[\"https:\/\/staging.salvadori.com\/it\/commitment\/\"]}]},{\"@type\":\"ImageObject\",\"inLanguage\":\"it-IT\",\"@id\":\"https:\/\/staging.salvadori.com\/it\/commitment\/#primaryimage\",\"url\":\"https:\/\/staging.salvadori.com\/wp-content\/uploads\/2025\/04\/commitmentLowRes.jpg\",\"contentUrl\":\"https:\/\/staging.salvadori.com\/wp-content\/uploads\/2025\/04\/commitmentLowRes.jpg\",\"width\":2500,\"height\":1667},{\"@type\":\"BreadcrumbList\",\"@id\":\"https:\/\/staging.salvadori.com\/it\/commitment\/#breadcrumb\",\"itemListElement\":[{\"@type\":\"ListItem\",\"position\":1,\"name\":\"Home\",\"item\":\"https:\/\/staging.salvadori.com\/it\/\"},{\"@type\":\"ListItem\",\"position\":2,\"name\":\"Impegno\"}]},{\"@type\":\"WebSite\",\"@id\":\"https:\/\/staging.salvadori.com\/#website\",\"url\":\"https:\/\/staging.salvadori.com\/\",\"name\":\"Salvadori Recycling\",\"description\":\"From waste to value\",\"potentialAction\":[{\"@type\":\"SearchAction\",\"target\":{\"@type\":\"EntryPoint\",\"urlTemplate\":\"https:\/\/staging.salvadori.com\/?s={search_term_string}\"},\"query-input\":{\"@type\":\"PropertyValueSpecification\",\"valueRequired\":true,\"valueName\":\"search_term_string\"}}],\"inLanguage\":\"it-IT\"}]}<\/script>\n<!-- \/ Yoast SEO plugin. -->","yoast_head_json":{"title":"Impegno - Salvadori Recycling","robots":{"index":"noindex","follow":"follow","max-snippet":"max-snippet:-1","max-image-preview":"max-image-preview:large","max-video-preview":"max-video-preview:-1"},"og_locale":"it_IT","og_type":"article","og_title":"Impegno - Salvadori Recycling","og_description":"Il Nostro Impegno per l\u2019Eccellenza In Salvadori Recycling, ci impegniamo a promuovere il miglioramento continuo e a garantire i pi\u00f9 alti standard di qualit\u00e0, sicurezza e sostenibilit\u00e0. La nostra missione \u00e8 ridurre i rischi, proteggere i nostri stakeholder e creare valore misurabile per clienti, dipendenti e comunit\u00e0. Dal 2024, abbiamo implementato un sistema collaborativo di [&hellip;]","og_url":"https:\/\/staging.salvadori.com\/it\/commitment\/","og_site_name":"Salvadori Recycling","article_modified_time":"2025-05-13T09:33:36+00:00","og_image":[{"width":2500,"height":1667,"url":"https:\/\/staging.salvadori.com\/wp-content\/uploads\/2025\/04\/commitmentLowRes.jpg","type":"image\/jpeg"}],"twitter_card":"summary_large_image","schema":{"@context":"https:\/\/schema.org","@graph":[{"@type":"WebPage","@id":"https:\/\/staging.salvadori.com\/it\/commitment\/","url":"https:\/\/staging.salvadori.com\/it\/commitment\/","name":"Impegno - Salvadori Recycling","isPartOf":{"@id":"https:\/\/staging.salvadori.com\/#website"},"primaryImageOfPage":{"@id":"https:\/\/staging.salvadori.com\/it\/commitment\/#primaryimage"},"image":{"@id":"https:\/\/staging.salvadori.com\/it\/commitment\/#primaryimage"},"thumbnailUrl":"https:\/\/staging.salvadori.com\/wp-content\/uploads\/2025\/04\/commitmentLowRes.jpg","datePublished":"2025-04-17T10:23:48+00:00","dateModified":"2025-05-13T09:33:36+00:00","breadcrumb":{"@id":"https:\/\/staging.salvadori.com\/it\/commitment\/#breadcrumb"},"inLanguage":"it-IT","potentialAction":[{"@type":"ReadAction","target":["https:\/\/staging.salvadori.com\/it\/commitment\/"]}]},{"@type":"ImageObject","inLanguage":"it-IT","@id":"https:\/\/staging.salvadori.com\/it\/commitment\/#primaryimage","url":"https:\/\/staging.salvadori.com\/wp-content\/uploads\/2025\/04\/commitmentLowRes.jpg","contentUrl":"https:\/\/staging.salvadori.com\/wp-content\/uploads\/2025\/04\/commitmentLowRes.jpg","width":2500,"height":1667},{"@type":"BreadcrumbList","@id":"https:\/\/staging.salvadori.com\/it\/commitment\/#breadcrumb","itemListElement":[{"@type":"ListItem","position":1,"name":"Home","item":"https:\/\/staging.salvadori.com\/it\/"},{"@type":"ListItem","position":2,"name":"Impegno"}]},{"@type":"WebSite","@id":"https:\/\/staging.salvadori.com\/#website","url":"https:\/\/staging.salvadori.com\/","name":"Salvadori Recycling","description":"From waste to value","potentialAction":[{"@type":"SearchAction","target":{"@type":"EntryPoint","urlTemplate":"https:\/\/staging.salvadori.com\/?s={search_term_string}"},"query-input":{"@type":"PropertyValueSpecification","valueRequired":true,"valueName":"search_term_string"}}],"inLanguage":"it-IT"}]}},"_links":{"self":[{"href":"https:\/\/staging.salvadori.com\/it\/wp-json\/wp\/v2\/pages\/3790","targetHints":{"allow":["GET"]}}],"collection":[{"href":"https:\/\/staging.salvadori.com\/it\/wp-json\/wp\/v2\/pages"}],"about":[{"href":"https:\/\/staging.salvadori.com\/it\/wp-json\/wp\/v2\/types\/page"}],"author":[{"embeddable":true,"href":"https:\/\/staging.salvadori.com\/it\/wp-json\/wp\/v2\/users\/1"}],"replies":[{"embeddable":true,"href":"https:\/\/staging.salvadori.com\/it\/wp-json\/wp\/v2\/comments?post=3790"}],"version-history":[{"count":5,"href":"https:\/\/staging.salvadori.com\/it\/wp-json\/wp\/v2\/pages\/3790\/revisions"}],"predecessor-version":[{"id":3820,"href":"https:\/\/staging.salvadori.com\/it\/wp-json\/wp\/v2\/pages\/3790\/revisions\/3820"}],"wp:featuredmedia":[{"embeddable":true,"href":"https:\/\/staging.salvadori.com\/it\/wp-json\/wp\/v2\/media\/3782"}],"wp:attachment":[{"href":"https:\/\/staging.salvadori.com\/it\/wp-json\/wp\/v2\/media?parent=3790"}],"curies":[{"name":"wp","href":"https:\/\/api.w.org\/{rel}","templated":true}]}}